{"id":8,"date":"2017-03-26T18:02:55","date_gmt":"2017-03-26T18:02:55","guid":{"rendered":"http:\/\/egeszseghaz.biatorbagy.hu\/?page_id=8"},"modified":"2026-05-13T17:23:33","modified_gmt":"2026-05-13T15:23:33","slug":"rendelesi_idok","status":"publish","type":"page","link":"https:\/\/egeszseghaz.biatorbagy.hu\/index.php\/rendelesi_idok\/","title":{"rendered":"Biatorb\u00e1gyi szakrendel\u0151 rendel\u00e9sei"},"content":{"rendered":"\n<p class=\"wp-block-paragraph\">Biatorb\u00e1gy v\u00e1ros eg\u00e9szs\u00e9gh\u00e1z\u00e1ban m\u0171k\u00f6d\u0151 szakrendel\u0151k rendel\u00e9seinek id\u0151pontjai, a szakorvos neve :<\/p>\n\n\n\n<p class=\"wp-block-paragraph\"><strong>Mobiltelefonon a rendel\u00e9s neve el\u0151tti z\u00f6ld ikonnal tudja megjelen\u00edteni a h\u00e9t \u00f6sszes napj\u00e1ra vonatkoz\u00f3 rendel\u00e9si id\u0151ket!<\/strong><\/p>\n\n\n\n<table id=\"tablepress-7\" class=\"tablepress tablepress-id-7 tablepress-responsive\">\n<thead>\n<tr class=\"row-1 odd\">\n\t<th class=\"column-1\">Szakrendel\u00e9s<\/th><th class=\"column-2\">El\u00e9rhet\u0151s\u00e9g<br \/>\nCSAK RENDEL\u00c9SI ID\u0150BEN<\/th><th class=\"column-3\">Orvos<\/th><th class=\"column-4\">H\u00e9tf\u0151<\/th><th class=\"column-5\">Kedd<\/th><th class=\"column-6\">Szerda<\/th><th class=\"column-7\">Cs\u00fct\u00f6rt\u00f6k<\/th><th class=\"column-8\">P\u00e9ntek<\/th>\n<\/tr>\n<\/thead>\n<tbody class=\"row-hover\">\n<tr class=\"row-2 even\">\n\t<td class=\"column-1\">Laborat\u00f3rium <\/td><td class=\"column-2\"><\/td><td class=\"column-3\"> <\/td><td class=\"column-4\">06:30\u201308:30<\/td><td class=\"column-5\">06:30\u201308:30<\/td><td class=\"column-6\">06:30\u201308:30<\/td><td class=\"column-7\">06:30\u201308:30<\/td><td class=\"column-8\">06:30\u201308:30<\/td>\n<\/tr>\n<tr class=\"row-3 odd\">\n\t<td class=\"column-1\">v\u00e9rcukor terhel\u00e9s<\/td><td class=\"column-2\"><\/td><td class=\"column-3\"><\/td><td class=\"column-4\">06:15\u201306:30<\/td><td class=\"column-5\">06:15\u201306:30<\/td><td class=\"column-6\">06:15\u201306:30<\/td><td class=\"column-7\">06:15\u201306:30<\/td><td class=\"column-8\">06:15\u201306:30<\/td>\n<\/tr>\n<tr class=\"row-4 even\">\n\t<td class=\"column-1\">Lelet kiad\u00e1s<\/td><td class=\"column-2\"><\/td><td class=\"column-3\"> <\/td><td class=\"column-4\">06:30\u201318:30<\/td><td class=\"column-5\">06:30\u201318:30<\/td><td class=\"column-6\">06:30\u201318:30<\/td><td class=\"column-7\">06:30\u201318:30<\/td><td class=\"column-8\">06:30\u201314:30<\/td>\n<\/tr>\n<tr class=\"row-5 odd\">\n\t<td class=\"column-1\">Seb\u00e9szet<\/td><td class=\"column-2\">+36704916824<\/td><td class=\"column-3\">dr. Garcia N.J. <\/td><td class=\"column-4\">09:00\u201313:00<\/td><td class=\"column-5\"><\/td><td class=\"column-6\"><\/td><td class=\"column-7\">13:00\u201317:00<\/td><td class=\"column-8\">09:00-13:00<\/td>\n<\/tr>\n<tr class=\"row-6 even\">\n\t<td class=\"column-1\">Seb\u00e9szet<\/td><td class=\"column-2\">+36704916824<\/td><td class=\"column-3\">dr. J\u00e1nosi S\u00e1ndor<\/td><td class=\"column-4\"><\/td><td class=\"column-5\">09:30-12:30<\/td><td class=\"column-6\"><\/td><td class=\"column-7\"><\/td><td class=\"column-8\"><\/td>\n<\/tr>\n<tr class=\"row-7 odd\">\n\t<td class=\"column-1\">Endokrinol\u00f3gia<\/td><td class=\"column-2\">+36704916861<\/td><td class=\"column-3\">dr. Rucz K\u00e1roly<\/td><td class=\"column-4\">08:00-16:00<\/td><td class=\"column-5\"> <\/td><td class=\"column-6\"><\/td><td class=\"column-7\"> <\/td><td class=\"column-8\"> <\/td>\n<\/tr>\n<tr class=\"row-8 even\">\n\t<td class=\"column-1\">Reumatol\u00f3gia<\/td><td class=\"column-2\"><\/td><td class=\"column-3\">dr. Breiner Iv\u00e1n<\/td><td class=\"column-4\">09:00-14:30<\/td><td class=\"column-5\">09:00\u201313:00<br \/>\n15:00\u201319:00<\/td><td class=\"column-6\">09:00-13:00<\/td><td class=\"column-7\"><\/td><td class=\"column-8\"><\/td>\n<\/tr>\n<tr class=\"row-9 odd\">\n\t<td class=\"column-1\">Ortop\u00e9dia<\/td><td class=\"column-2\"><\/td><td class=\"column-3\">dr. Drajk\u00f3 Bal\u00e1zs<\/td><td class=\"column-4\"> <\/td><td class=\"column-5\"> <\/td><td class=\"column-6\"> <\/td><td class=\"column-7\"><\/td><td class=\"column-8\">08:00\u201313:00<\/td>\n<\/tr>\n<tr class=\"row-10 even\">\n\t<td class=\"column-1\">Ortop\u00e9dia<\/td><td class=\"column-2\">+36704916800<\/td><td class=\"column-3\">dr. \u00c9l\u0151 Gy\u00f6rgy<\/td><td class=\"column-4\"><\/td><td class=\"column-5\"> <\/td><td class=\"column-6\"> <\/td><td class=\"column-7\">09:00-17:00<\/td><td class=\"column-8\"> <\/td>\n<\/tr>\n<tr class=\"row-11 odd\">\n\t<td class=\"column-1\">Pszichi\u00e1tria<\/td><td class=\"column-2\">+36704916800 kedd 08:00-12:00<\/td><td class=\"column-3\">dr. Zalay B\u00e1lint<\/td><td class=\"column-4\"> <\/td><td class=\"column-5\">08:00-15:00<\/td><td class=\"column-6\">13:00-15:00<\/td><td class=\"column-7\"> <\/td><td class=\"column-8\"><\/td>\n<\/tr>\n<tr class=\"row-12 even\">\n\t<td class=\"column-1\">Gy\u00f3gytorna<\/td><td class=\"column-2\"><\/td><td class=\"column-3\">Kov\u00e1cs Marton T\u00edmea<\/td><td class=\"column-4\">08:00-12:00<\/td><td class=\"column-5\">10:00-14:00<\/td><td class=\"column-6\"><\/td><td class=\"column-7\">08:00-12:00<\/td><td class=\"column-8\"><\/td>\n<\/tr>\n<tr class=\"row-13 odd\">\n\t<td class=\"column-1\">Gy\u00f3gytorna<\/td><td class=\"column-2\"><\/td><td class=\"column-3\">Rad\u00f3cz Vikt\u00f3ria<\/td><td class=\"column-4\">12:00-18:00<\/td><td class=\"column-5\">08:00-10:00<\/td><td class=\"column-6\">8:00-14:00<\/td><td class=\"column-7\">12:00-18:00<\/td><td class=\"column-8\"><\/td>\n<\/tr>\n<tr class=\"row-14 even\">\n\t<td class=\"column-1\">Gy\u00f3gytorna<\/td><td class=\"column-2\"><\/td><td class=\"column-3\"><\/td><td class=\"column-4\"><\/td><td class=\"column-5\">14:00-18:00<\/td><td class=\"column-6\"><\/td><td class=\"column-7\"><\/td><td class=\"column-8\"><\/td>\n<\/tr>\n<tr class=\"row-15 odd\">\n\t<td class=\"column-1\">Fizikoter\u00e1pia<\/td><td class=\"column-2\"><\/td><td class=\"column-3\">Kov\u00e1cs Emese<\/td><td class=\"column-4\">08:00-14:00<\/td><td class=\"column-5\">08:00-18:00<\/td><td class=\"column-6\">08:00-14:00<\/td><td class=\"column-7\">08:00-18:00<\/td><td class=\"column-8\">08:00-14:00<\/td>\n<\/tr>\n<tr class=\"row-16 even\">\n\t<td class=\"column-1\">Ultrahang<\/td><td class=\"column-2\">+36704916861<\/td><td class=\"column-3\">dr. Tak\u00e1cs Ildik\u00f3<\/td><td class=\"column-4\"><br \/>\n<\/td><td class=\"column-5\"><\/td><td class=\"column-6\"><\/td><td class=\"column-7\">13:00-16:00<\/td><td class=\"column-8\">08:00-14:00<\/td>\n<\/tr>\n<tr class=\"row-17 odd\">\n\t<td class=\"column-1\">Ultrahang<\/td><td class=\"column-2\">+36704916861<\/td><td class=\"column-3\">dr. V\u00e1g\u00f3 Anna <br \/>\n(havi 3 alkalommal)<\/td><td class=\"column-4\"><\/td><td class=\"column-5\"><\/td><td class=\"column-6\"><\/td><td class=\"column-7\">09:00-12:30<\/td><td class=\"column-8\"><\/td>\n<\/tr>\n<tr class=\"row-18 even\">\n\t<td class=\"column-1\">Ultrahang<\/td><td class=\"column-2\">+36704916861<\/td><td class=\"column-3\">dr. T\u00e1rnok Andr\u00e1s <br \/>\n(havi 3 alkalommal)<\/td><td class=\"column-4\"><\/td><td class=\"column-5\">13:00-16:00<\/td><td class=\"column-6\"><\/td><td class=\"column-7\"><\/td><td class=\"column-8\"><\/td>\n<\/tr>\n<tr class=\"row-19 odd\">\n\t<td class=\"column-1\">Pszichol\u00f3gia<\/td><td class=\"column-2\"><\/td><td class=\"column-3\">Nagy Gabriella<\/td><td class=\"column-4\">10:00-18:00<\/td><td class=\"column-5\">10:00-18:00<\/td><td class=\"column-6\"><\/td><td class=\"column-7\"><\/td><td class=\"column-8\"><\/td>\n<\/tr>\n<tr class=\"row-20 even\">\n\t<td class=\"column-1\">Kardiol\u00f3gia<\/td><td class=\"column-2\">+3670\/4916872<\/td><td class=\"column-3\">dr. Kiss Anna R\u00e9ka<\/td><td class=\"column-4\">14:00-18:00<\/td><td class=\"column-5\"><\/td><td class=\"column-6\"><\/td><td class=\"column-7\"><\/td><td class=\"column-8\"><\/td>\n<\/tr>\n<tr class=\"row-21 odd\">\n\t<td class=\"column-1\">Kardiol\u00f3gia<\/td><td class=\"column-2\">+3670\/4916872<\/td><td class=\"column-3\">dr. Kerkovits G\u00e1bor<\/td><td class=\"column-4\">09:00\u201313:00<\/td><td class=\"column-5\"> <\/td><td class=\"column-6\"><\/td><td class=\"column-7\"> <\/td><td class=\"column-8\"> <\/td>\n<\/tr>\n<tr class=\"row-22 even\">\n\t<td class=\"column-1\">Kardiol\u00f3gia<\/td><td class=\"column-2\">+3670\/4916872<\/td><td class=\"column-3\">dr. Zs\u00e1ry Andr\u00e1s<br \/>\nminden h\u00f3 els\u0151 szerda<br \/>\n<\/td><td class=\"column-4\"><\/td><td class=\"column-5\"> <\/td><td class=\"column-6\">15:00-19:00<\/td><td class=\"column-7\"><\/td><td class=\"column-8\"> <\/td>\n<\/tr>\n<tr class=\"row-23 odd\">\n\t<td class=\"column-1\">Kardiol\u00f3gia<\/td><td class=\"column-2\">+3670\/4916872<\/td><td class=\"column-3\">dr. Horv\u00e1th Viktor<\/td><td class=\"column-4\"><\/td><td class=\"column-5\"> <\/td><td class=\"column-6\"> <\/td><td class=\"column-7\">16:00-20:00<\/td><td class=\"column-8\"> <\/td>\n<\/tr>\n<tr class=\"row-24 even\">\n\t<td class=\"column-1\">Kardiol\u00f3gia<\/td><td class=\"column-2\">+3670\/4916872<\/td><td class=\"column-3\">dr. J\u00e1nosk\u00fati L\u00edvia<br \/>\nhavi 1 alkalom cs\u00fct\u00f6rt\u00f6k\u00f6n<\/td><td class=\"column-4\"><\/td><td class=\"column-5\"> <\/td><td class=\"column-6\"> <\/td><td class=\"column-7\">07:30-11:30<\/td><td class=\"column-8\"> <\/td>\n<\/tr>\n<tr class=\"row-25 odd\">\n\t<td class=\"column-1\">Kardiol\u00f3gia<\/td><td class=\"column-2\">+3670\/4916872<\/td><td class=\"column-3\">dr. Ko\u00f3s Csaba<br \/>\nhavonta 3 alkalommal<\/td><td class=\"column-4\"> <\/td><td class=\"column-5\">14:00-19:00<\/td><td class=\"column-6\"> <\/td><td class=\"column-7\"> <\/td><td class=\"column-8\"> <\/td>\n<\/tr>\n<tr class=\"row-26 even\">\n\t<td class=\"column-1\">Belgy\u00f3gy\u00e1szat<\/td><td class=\"column-2\"><\/td><td class=\"column-3\">dr. Lehel Istv\u00e1n<\/td><td class=\"column-4\"><\/td><td class=\"column-5\">09:30-13:00<\/td><td class=\"column-6\"><\/td><td class=\"column-7\"><\/td><td class=\"column-8\"><\/td>\n<\/tr>\n<tr class=\"row-27 odd\">\n\t<td class=\"column-1\">Belgy\u00f3gy\u00e1szat<br \/>\n<br \/>\n<\/td><td class=\"column-2\"><\/td><td class=\"column-3\">dr. T\u00f6r\u00f6k Katalin<\/td><td class=\"column-4\"><\/td><td class=\"column-5\"> <\/td><td class=\"column-6\">09:00-13:00<\/td><td class=\"column-7\"><\/td><td class=\"column-8\"><\/td>\n<\/tr>\n<tr class=\"row-28 even\">\n\t<td class=\"column-1\">B\u0151rgy\u00f3gy\u00e1szat<\/td><td class=\"column-2\"><\/td><td class=\"column-3\">dr. Bojtor Adrienn<\/td><td class=\"column-4\">08:30-13:30<\/td><td class=\"column-5\"><\/td><td class=\"column-6\"><\/td><td class=\"column-7\"><\/td><td class=\"column-8\"><\/td>\n<\/tr>\n<tr class=\"row-29 odd\">\n\t<td class=\"column-1\">Neurol\u00f3gia<\/td><td class=\"column-2\"><\/td><td class=\"column-3\">dr. Egerv\u00e1ri \u00c1gnes<\/td><td class=\"column-4\"> <br \/>\n<\/td><td class=\"column-5\"><\/td><td class=\"column-6\"><\/td><td class=\"column-7\">09:00-12:00 havi 2x<\/td><td class=\"column-8\"><\/td>\n<\/tr>\n<tr class=\"row-30 even\">\n\t<td class=\"column-1\">Neurol\u00f3gia <\/td><td class=\"column-2\"><\/td><td class=\"column-3\">dr. Lovas G\u00e1bor<br \/>\nhavi 3x<\/td><td class=\"column-4\"><\/td><td class=\"column-5\"><\/td><td class=\"column-6\">07:00-11:00<\/td><td class=\"column-7\"><\/td><td class=\"column-8\"><\/td>\n<\/tr>\n<tr class=\"row-31 odd\">\n\t<td class=\"column-1\">Ultrahang nyaki \u00e9r vizsg\u00e1lat<\/td><td class=\"column-2\"><\/td><td class=\"column-3\">dr. Lovas G\u00e1bor<br \/>\r\nhavi 3x<\/td><td class=\"column-4\"><\/td><td class=\"column-5\"><\/td><td class=\"column-6\">11:00-13:00<\/td><td class=\"column-7\"><\/td><td class=\"column-8\"><\/td>\n<\/tr>\n<tr class=\"row-32 even\">\n\t<td class=\"column-1\">N\u0151gy\u00f3gy\u00e1szat<\/td><td class=\"column-2\">+36704916811<\/td><td class=\"column-3\">dr. Dobos Istv\u00e1n<\/td><td class=\"column-4\"><\/td><td class=\"column-5\"><br \/>\n<br \/>\n<\/td><td class=\"column-6\"><\/td><td class=\"column-7\">09:30-13:30<\/td><td class=\"column-8\"><\/td>\n<\/tr>\n<tr class=\"row-33 odd\">\n\t<td class=\"column-1\">N\u0151gy\u00f3gy\u00e1szat<\/td><td class=\"column-2\">+36704916811<\/td><td class=\"column-3\">dr. Tam\u00e1si Ferenc<\/td><td class=\"column-4\">16:00-18:00<\/td><td class=\"column-5\"><\/td><td class=\"column-6\"><\/td><td class=\"column-7\"><\/td><td class=\"column-8\"><\/td>\n<\/tr>\n<tr class=\"row-34 even\">\n\t<td class=\"column-1\">N\u0151gy\u00f3gy\u00e1szat<\/td><td class=\"column-2\">+36704916811<\/td><td class=\"column-3\">Dr. Galambos Dorina<\/td><td class=\"column-4\"><\/td><td class=\"column-5\">08:30-12:00<\/td><td class=\"column-6\"><\/td><td class=\"column-7\"><\/td><td class=\"column-8\"><\/td>\n<\/tr>\n<tr class=\"row-35 odd\">\n\t<td class=\"column-1\">N\u0151gy\u00f3gy\u00e1szat<br \/>\n<br \/>\n<\/td><td class=\"column-2\">+36704916811<\/td><td class=\"column-3\">dr. Gabulya Henrik<\/td><td class=\"column-4\"><\/td><td class=\"column-5\"><\/td><td class=\"column-6\"><\/td><td class=\"column-7\"> 15:00-19:00<\/td><td class=\"column-8\"> <\/td>\n<\/tr>\n<tr class=\"row-36 even\">\n\t<td class=\"column-1\">N\u0151gy\u00f3gy\u00e1szat<br \/>\n<br \/>\n<\/td><td class=\"column-2\">+36704916811<\/td><td class=\"column-3\">dr. Gabulya Henrik (mag\u00e1nrendel\u00e9s) <\/td><td class=\"column-4\"><\/td><td class=\"column-5\"><\/td><td class=\"column-6\">15:00-18:00<\/td><td class=\"column-7\"><\/td><td class=\"column-8\"><\/td>\n<\/tr>\n<tr class=\"row-37 odd\">\n\t<td class=\"column-1\">N\u0151gy\u00f3gy\u00e1szat<\/td><td class=\"column-2\">+36704916811<\/td><td class=\"column-3\">dr. Bl\u00e1ga Imre<\/td><td class=\"column-4\"><\/td><td class=\"column-5\"><\/td><td class=\"column-6\"><\/td><td class=\"column-7\"><\/td><td class=\"column-8\">13:00-16:00<\/td>\n<\/tr>\n<tr class=\"row-38 even\">\n\t<td class=\"column-1\">Urol\u00f3gia<\/td><td class=\"column-2\">+36704916811<\/td><td class=\"column-3\">dr. Bokor Csaba<\/td><td class=\"column-4\"> <\/td><td class=\"column-5\"><\/td><td class=\"column-6\"> 15:00\u201318:00<\/td><td class=\"column-7\"> <\/td><td class=\"column-8\"> <\/td>\n<\/tr>\n<tr class=\"row-39 odd\">\n\t<td class=\"column-1\">Urol\u00f3gia<\/td><td class=\"column-2\">+36704916811<\/td><td class=\"column-3\">dr. Horv\u00e1th Anna Csenge<\/td><td class=\"column-4\">09:00-12:00<\/td><td class=\"column-5\"><\/td><td class=\"column-6\"><\/td><td class=\"column-7\"><\/td><td class=\"column-8\">09:00-12:00<\/td>\n<\/tr>\n<tr class=\"row-40 even\">\n\t<td class=\"column-1\">R\u00f6ntgen<\/td><td class=\"column-2\"><\/td><td class=\"column-3\">Szab\u00f3n\u00e9 Sisa M\u00f3nika<br \/>\n<br \/>\n<\/td><td class=\"column-4\">08:00-14:00<\/td><td class=\"column-5\">12:00-18:00<\/td><td class=\"column-6\"><\/td><td class=\"column-7\">8:00-14:00<\/td><td class=\"column-8\"> <\/td>\n<\/tr>\n<tr class=\"row-41 odd\">\n\t<td class=\"column-1\">Szem\u00e9szet<\/td><td class=\"column-2\">+36704916808<\/td><td class=\"column-3\">dr. L\u00f3g\u00f3 Zsuzsanna<br \/>\nhavi 3x<\/td><td class=\"column-4\"> <\/td><td class=\"column-5\">08:00-12:00 <\/td><td class=\"column-6\"><\/td><td class=\"column-7\"> <\/td><td class=\"column-8\"> <\/td>\n<\/tr>\n<tr class=\"row-42 even\">\n\t<td class=\"column-1\">Szem\u00e9szet<\/td><td class=\"column-2\">+36704916808<\/td><td class=\"column-3\">dr. Szab\u00f3 Szilvia<\/td><td class=\"column-4\"> <\/td><td class=\"column-5\"><\/td><td class=\"column-6\">08:00-14:00<\/td><td class=\"column-7\"> <\/td><td class=\"column-8\"> <\/td>\n<\/tr>\n<tr class=\"row-43 odd\">\n\t<td class=\"column-1\">Szem\u00e9szet<\/td><td class=\"column-2\">+36704916808<\/td><td class=\"column-3\">dr.Kosina-Hagy\u00f3 Krisztina<\/td><td class=\"column-4\"><\/td><td class=\"column-5\"><\/td><td class=\"column-6\"><\/td><td class=\"column-7\"><\/td><td class=\"column-8\">08:00-13:00<\/td>\n<\/tr>\n<tr class=\"row-44 even\">\n\t<td class=\"column-1\">Hall\u00e1svizsg\u00e1lat<\/td><td class=\"column-2\"><\/td><td class=\"column-3\"> <\/td><td class=\"column-4\">08:00-16:00<\/td><td class=\"column-5\">08:00-16:00<\/td><td class=\"column-6\"><\/td><td class=\"column-7\"> <\/td><td class=\"column-8\"> <\/td>\n<\/tr>\n<tr class=\"row-45 odd\">\n\t<td class=\"column-1\">F\u00fcl-orr-g\u00e9ge<\/td><td class=\"column-2\">+36704916810<\/td><td class=\"column-3\">dr. Ozsv\u00e1th Szilvia<\/td><td class=\"column-4\">07:00-11:00<\/td><td class=\"column-5\"> <\/td><td class=\"column-6\"><\/td><td class=\"column-7\"><\/td><td class=\"column-8\"> <\/td>\n<\/tr>\n<tr class=\"row-46 even\">\n\t<td class=\"column-1\">F\u00fcl-orr-g\u00e9ge<\/td><td class=\"column-2\">+36704916810<\/td><td class=\"column-3\">dr. Simon N\u00f3ra<br \/>\nhavi 2x<\/td><td class=\"column-4\"><\/td><td class=\"column-5\"> <\/td><td class=\"column-6\"><\/td><td class=\"column-7\">15:00\u201318:00<\/td><td class=\"column-8\"><\/td>\n<\/tr>\n<tr class=\"row-47 odd\">\n\t<td class=\"column-1\">F\u00fcl-orr-g\u00e9ge<\/td><td class=\"column-2\">+36704916810<\/td><td class=\"column-3\">dr. Fain Andr\u00e1s<br \/>\nhavi 2x<\/td><td class=\"column-4\"><\/td><td class=\"column-5\"> <\/td><td class=\"column-6\"><\/td><td class=\"column-7\">15:00-17:00<\/td><td class=\"column-8\"> <\/td>\n<\/tr>\n<tr class=\"row-48 even\">\n\t<td class=\"column-1\">Diabetol\u00f3gia<\/td><td class=\"column-2\"><\/td><td class=\"column-3\">Dr. Horv\u00e1th Viktor<\/td><td class=\"column-4\"><\/td><td class=\"column-5\">16:00-20:00<\/td><td class=\"column-6\"><\/td><td class=\"column-7\"><\/td><td class=\"column-8\"> <\/td>\n<\/tr>\n<tr class=\"row-49 odd\">\n\t<td class=\"column-1\">Diabetol\u00f3gia<\/td><td class=\"column-2\"><\/td><td class=\"column-3\">Dr. Sv\u00e9bis M\u00e1rk (szerd\u00e1nk\u00e9nt havi 2X<\/td><td class=\"column-4\"><\/td><td class=\"column-5\">13:00-16:00<\/td><td class=\"column-6\">12:00-16:00<\/td><td class=\"column-7\"><\/td><td class=\"column-8\"> <\/td>\n<\/tr>\n<tr class=\"row-50 even\">\n\t<td class=\"column-1\">Dietetika<\/td><td class=\"column-2\"><\/td><td class=\"column-3\">Erd\u00e9lyi-Sipos Al\u00edz<\/td><td class=\"column-4\"><\/td><td class=\"column-5\">15:00-19:00<\/td><td class=\"column-6\"><\/td><td class=\"column-7\">havi 1x 10:00-18:00<\/td><td class=\"column-8\"><\/td>\n<\/tr>\n<\/tbody>\n<\/table>\n<!-- #tablepress-7 from cache -->\n","protected":false},"excerpt":{"rendered":"<p>Biatorb\u00e1gy v\u00e1ros eg\u00e9szs\u00e9gh\u00e1z\u00e1ban m\u0171k\u00f6d\u0151 szakrendel\u0151k rendel\u00e9seinek id\u0151pontjai, a szakorvos neve : Mobiltelefonon a rendel\u00e9s neve el\u0151tti z\u00f6ld ikonnal tudja megjelen\u00edteni a h\u00e9t \u00f6sszes napj\u00e1ra vonatkoz\u00f3 rendel\u00e9si id\u0151ket!<\/p>\n","protected":false},"author":1,"featured_media":0,"parent":0,"menu_order":0,"comment_status":"closed","ping_status":"closed","template":"","meta":{"_acf_changed":false,"_eb_attr":"","_crdt_document":"{\"document\":\"AAAG5\/Kq0wklHwiGAaQPAQUSAgECCgJCSgCUAwECCgJCSgCiBAECCkoANSgDJwAEACcABAAnACgEJwAoBycABwAoAycBBAAoACcAhwAoAycBBAAoACcAhwAoAycAKAAnhwvECnN0YXRldmVyc2lvbmRvY3VtZW50ZGF0ZWRvY3VtZW50c2x1Z2RvY3VtZW50c3RhdHVzZG9jdW1lbnR0aXRsZUJpYXRvcmLDoWd5aSBzemFrcmVuZGVsxZEgcmVuZGVsw6lzZWlkb2N1bWVudGNvbnRlbnQ8IS0tIHdwOnBhcmFncmFwaCAtLT4KPHA+QmlhdG9yYsOhZ3kgdsOhcm9zIGVnw6lzenPDqWdow6F6w6FiYW4gbcWxa8O2ZMWRIHN6YWtyZW5kZWzFkWsgcmVuZGVsw6lzZWluZWsgaWTFkXBvbnRqYWksIGEgc3pha29ydm9zIG5ldmUgOjwvcD4KPCEtLSAvd3A6cGFyYWdyYXBoIC0tPgoKPCEtLSB3cDpwYXJhZ3JhcGggLS0+CjxwPjxzdHJvbmc+TW9iaWx0ZWxlZm9ub24gYSByZW5kZWzDqXMgbmV2ZSBlbMWRdHRpIHrDtmxkIGlrb25uYWwgdHVkamEgbWVnamVsZW7DrXRlbmkgYSBow6l0IMO2c3N6ZXMgbmFwasOhcmEgdm9uYXRrb3rDsyByZW5kZWzDqXNpIGlkxZFrZXQhPC9zdHJvbmc+PC9wPgo8IS0tIC93cDpwYXJhZ3JhcGggLS0+Cgo8IS0tIHdwOnNob3J0Y29kZSAtLT4KW3RhYmxlIGlkPTcgZGF0YXRhYmxlc19maXhlZGhlYWRlcj10b3AgcmVzcG9uc2l2ZT0iY29sbGFwc2UiIGhpZGVfY29sdW1ucz0iMiwzLDQiIGZpbHRlcj0ic3pha3JlbmRlbMOpcyIvXQo8IS0tIC93cDpzaG9ydGNvZGUgLS0+ZG9jdW1lbnRleGNlcnB0ZG9jdW1lbnRhdXRob3Jkb2N1bWVudGZlYXR1cmVkX21lZGlhZG9jdW1lbnRjb21tZW50X3N0YXR1c2RvY3VtZW50cGluZ19zdGF0dXNkb2N1bWVudHRlbXBsYXRlZG9jdW1lbnRtZXRhX2FjZl9jaGFuZ2VkX2ViX2F0dHJmb290bm90ZXNfZWxlbWVudG9yX2VkaXRfbW9kZV9lbGVtZW50b3JfdGVtcGxhdGVfdHlwZV9lbGVtZW50b3JfZGF0YV9lbGVtZW50b3JfcGFnZV9zZXR0aW5nc19lbGVtZW50b3JfY29uZGl0aW9uc2RvY3VtZW50YmxvY2tzY2xpZW50SWRpc1ZhbGlkb3JpZ2luYWxDb250ZW50bmFtZWF0dHJpYnV0ZXNjb250ZW50QmlhdG9yYsOhZ3kgdsOhcm9zIGVnw6lzenPDqWdow6F6w6FiYW4gbcWxa8O2ZMWRIHN6YWtyZW5kZWzFkWsgcmVuZGVsw6lzZWluZWsgaWTFkXBvbnRqYWksIGEgc3pha29ydm9zIG5ldmUgOmRyb3BDYXBpbm5lckJsb2Nrc2NsaWVudElkaXNWYWxpZG9yaWdpbmFsQ29udGVudG5hbWVhdHRyaWJ1dGVzY29udGVudDxzdHJvbmc+TW9iaWx0ZWxlZm9ub24gYSByZW5kZWzDqXMgbmV2ZSBlbMWRdHRpIHrDtmxkIGlrb25uYWwgdHVkamEgbWVnamVsZW7DrXRlbmkgYSBow6l0IMO2c3N6ZXMgbmFwasOhcmEgdm9uYXRrb3rDsyByZW5kZWzDqXNpIGlkxZFrZXQhPC9zdHJvbmc+ZHJvcENhcGlubmVyQmxvY2tzY2xpZW50SWRpc1ZhbGlkb3JpZ2luYWxDb250ZW50bmFtZWF0dHJpYnV0ZXN0ZXh0aW5uZXJCbG9ja3MFBwgECAQIBggFIggHqwcIBwgGCA4IDggLSAEEDAgJFBgPGBUIBggHDwQKB6EBBwsIBw8ECgeIAgcLCAcPBAoECw8BBAAAAQAAAAEGAAcBAAAPQgEBAEEAAgBBAAIAQQAAAkEeATQAfQF3EzIwMTctMDMtMjZUMTg6MDI6NTV3DnJlbmRlbGVzaV9pZG9rdwdwdWJsaXNofQF9AHcGY2xvc2VkdwZjbG9zZWR3AHl3AHcAdwB3AHcAfnUAdyQzNjYxNTc3Yy02N2VjLTQyZGUtOWE4YS01OThjZDM4YmJmYzR4d3Q8cD5CaWF0b3Jiw6FneSB2w6Fyb3MgZWfDqXN6c8OpZ2jDoXrDoWJhbiBtxbFrw7ZkxZEgc3pha3JlbmRlbMWRayByZW5kZWzDqXNlaW5layBpZMWRcG9udGphaSwgYSBzemFrb3J2b3MgbmV2ZSA6PC9wPncOY29yZS9wYXJhZ3JhcGh5dyQzMjU5MjA4MC1mYTUzLTQ5ODctYjQwNi1kNmRmYmE1YjUyZTh4d5kBPHA+PHN0cm9uZz5Nb2JpbHRlbGVmb25vbiBhIHJlbmRlbMOpcyBuZXZlIGVsxZF0dGkgesO2bGQgaWtvbm5hbCB0dWRqYSBtZWdqZWxlbsOtdGVuaSBhIGjDqXQgw7Zzc3plcyBuYXBqw6FyYSB2b25hdGtvesOzIHJlbmRlbMOpc2kgaWTFkWtldCE8L3N0cm9uZz48L3A+dw5jb3JlL3BhcmFncmFwaHl3JDljOTg2MDdlLWY3OTQtNGFkNS1hYjU0LTEwYmI0NTcwMTI2MXh3alt0YWJsZSBpZD03IGRhdGF0YWJsZXNfZml4ZWRoZWFkZXI9dG9wIHJlc3BvbnNpdmU9ImNvbGxhcHNlIiBoaWRlX2NvbHVtbnM9IjIsMyw0IiBmaWx0ZXI9InN6YWtyZW5kZWzDqXMiL113DmNvcmUvc2hvcnRjb2Rld2pbdGFibGUgaWQ9NyBkYXRhdGFibGVzX2ZpeGVkaGVhZGVyPXRvcCByZXNwb25zaXZlPSJjb2xsYXBzZSIgaGlkZV9jb2x1bW5zPSIyLDMsNCIgZmlsdGVyPSJzemFrcmVuZGVsw6lzIi9dAA==\",\"updateId\":268736502}","footnotes":""},"class_list":["post-8","page","type-page","status-publish","hentry"],"acf":[],"_links":{"self":[{"href":"https:\/\/egeszseghaz.biatorbagy.hu\/index.php\/wp-json\/wp\/v2\/pages\/8","targetHints":{"allow":["GET"]}}],"collection":[{"href":"https:\/\/egeszseghaz.biatorbagy.hu\/index.php\/wp-json\/wp\/v2\/pages"}],"about":[{"href":"https:\/\/egeszseghaz.biatorbagy.hu\/index.php\/wp-json\/wp\/v2\/types\/page"}],"author":[{"embeddable":true,"href":"https:\/\/egeszseghaz.biatorbagy.hu\/index.php\/wp-json\/wp\/v2\/users\/1"}],"replies":[{"embeddable":true,"href":"https:\/\/egeszseghaz.biatorbagy.hu\/index.php\/wp-json\/wp\/v2\/comments?post=8"}],"version-history":[{"count":18,"href":"https:\/\/egeszseghaz.biatorbagy.hu\/index.php\/wp-json\/wp\/v2\/pages\/8\/revisions"}],"predecessor-version":[{"id":7216,"href":"https:\/\/egeszseghaz.biatorbagy.hu\/index.php\/wp-json\/wp\/v2\/pages\/8\/revisions\/7216"}],"wp:attachment":[{"href":"https:\/\/egeszseghaz.biatorbagy.hu\/index.php\/wp-json\/wp\/v2\/media?parent=8"}],"curies":[{"name":"wp","href":"https:\/\/api.w.org\/{rel}","templated":true}]}}