{"id":535,"date":"2018-05-05T22:29:58","date_gmt":"2018-05-05T20:29:58","guid":{"rendered":"http:\/\/egeszseghaz.biatorbagy.hu\/?page_id=535"},"modified":"2018-09-02T18:17:13","modified_gmt":"2018-09-02T16:17:13","slug":"rolunk","status":"publish","type":"page","link":"https:\/\/egeszseghaz.biatorbagy.hu\/index.php\/rolunk\/","title":{"rendered":"R\u00f3lunk"},"content":{"rendered":"<p><span style=\"color: #6d6d70;\"><span style=\"font-family: Helvetica, serif;\"><span style=\"font-size: large;\">2009-ben az eg\u00e9szs\u00e9g\u00fcgyi szolg\u00e1ltat\u00e1sok k\u00f6r\u00e9nek b\u0151v\u00edt\u00e9s\u00e9re \u00faj eg\u00e9szs\u00e9g\u00fcgyi k\u00f6zpont j\u00f6tt l\u00e9tre.<\/span><\/span><\/span><\/p>\n<p><span style=\"color: #6d6d70;\"><span style=\"font-family: Helvetica, serif;\"><span style=\"font-size: large;\">\u00dcnnep\u00e9lyes keretek k\u00f6z\u00f6tt Dr. Palovics Lajos polg\u00e1rmester \u00e9s Dr. Sz\u00e9kely Tam\u00e1s eg\u00e9szs\u00e9g\u00fcgyi miniszter felavatt\u00e1k a mintegy 600 milli\u00f3 forintos PPP egy\u00fcttm\u0171k\u00f6d\u00e9sben megval\u00f3sult Eg\u00e9szs\u00e9gh\u00e1zat Biatorb\u00e1gyon.<\/span><\/span><\/span><span style=\"color: #6d6d70;\"><span style=\"font-family: Helvetica, serif;\"><span style=\"font-size: xx-small;\">.<\/span><\/span><\/span><span style=\"color: #6d6d70;\"><span style=\"font-family: Helvetica, serif;\"><span style=\"font-size: xx-small;\"><br \/>\n<\/span><\/span><\/span><span style=\"color: #6d6d70;\"><span style=\"font-family: Helvetica, serif;\"><span style=\"font-size: large;\">2009. szeptember\u00e9ben az Eg\u00e9szs\u00e9gh\u00e1z megkezdte m\u0171k\u00f6d\u00e9s\u00e9t.<\/span><\/span><\/span><\/p>\n","protected":false},"excerpt":{"rendered":"<p>2009-ben az eg\u00e9szs\u00e9g\u00fcgyi szolg\u00e1ltat\u00e1sok k\u00f6r\u00e9nek b\u0151v\u00edt\u00e9s\u00e9re \u00faj eg\u00e9szs\u00e9g\u00fcgyi k\u00f6zpont j\u00f6tt l\u00e9tre. \u00dcnnep\u00e9lyes keretek k\u00f6z\u00f6tt Dr. Palovics Lajos polg\u00e1rmester \u00e9s Dr. Sz\u00e9kely Tam\u00e1s eg\u00e9szs\u00e9g\u00fcgyi miniszter felavatt\u00e1k a mintegy 600 milli\u00f3 forintos PPP egy\u00fcttm\u0171k\u00f6d\u00e9sben megval\u00f3sult Eg\u00e9szs\u00e9gh\u00e1zat Biatorb\u00e1gyon.. 2009. szeptember\u00e9ben az Eg\u00e9szs\u00e9gh\u00e1z megkezdte m\u0171k\u00f6d\u00e9s\u00e9t.<\/p>\n","protected":false},"author":1,"featured_media":687,"parent":0,"menu_order":0,"comment_status":"closed","ping_status":"closed","template":"template-about-us.php","meta":{"_acf_changed":false,"_eb_attr":"","_crdt_document":"","footnotes":""},"class_list":["post-535","page","type-page","status-publish","has-post-thumbnail","hentry"],"acf":[],"_links":{"self":[{"href":"https:\/\/egeszseghaz.biatorbagy.hu\/index.php\/wp-json\/wp\/v2\/pages\/535","targetHints":{"allow":["GET"]}}],"collection":[{"href":"https:\/\/egeszseghaz.biatorbagy.hu\/index.php\/wp-json\/wp\/v2\/pages"}],"about":[{"href":"https:\/\/egeszseghaz.biatorbagy.hu\/index.php\/wp-json\/wp\/v2\/types\/page"}],"author":[{"embeddable":true,"href":"https:\/\/egeszseghaz.biatorbagy.hu\/index.php\/wp-json\/wp\/v2\/users\/1"}],"replies":[{"embeddable":true,"href":"https:\/\/egeszseghaz.biatorbagy.hu\/index.php\/wp-json\/wp\/v2\/comments?post=535"}],"version-history":[{"count":3,"href":"https:\/\/egeszseghaz.biatorbagy.hu\/index.php\/wp-json\/wp\/v2\/pages\/535\/revisions"}],"predecessor-version":[{"id":2846,"href":"https:\/\/egeszseghaz.biatorbagy.hu\/index.php\/wp-json\/wp\/v2\/pages\/535\/revisions\/2846"}],"wp:featuredmedia":[{"embeddable":true,"href":"https:\/\/egeszseghaz.biatorbagy.hu\/index.php\/wp-json\/wp\/v2\/media\/687"}],"wp:attachment":[{"href":"https:\/\/egeszseghaz.biatorbagy.hu\/index.php\/wp-json\/wp\/v2\/media?parent=535"}],"curies":[{"name":"wp","href":"https:\/\/api.w.org\/{rel}","templated":true}]}}