{"id":4053,"date":"2024-03-05T10:29:00","date_gmt":"2024-03-05T09:29:00","guid":{"rendered":"https:\/\/eh-okt.biatorbagy.hu\/?page_id=4053"},"modified":"2026-04-15T10:18:51","modified_gmt":"2026-04-15T08:18:51","slug":"gyik","status":"publish","type":"page","link":"https:\/\/egeszseghaz.biatorbagy.hu\/index.php\/gyik\/","title":{"rendered":"Gyakran ism\u00e9telt k\u00e9rd\u00e9sek"},"content":{"rendered":"\t\t<div data-elementor-type=\"wp-page\" data-elementor-id=\"4053\" class=\"elementor elementor-4053\" data-elementor-post-type=\"page\">\n\t\t\t\t\t\t<section class=\"elementor-section elementor-top-section elementor-element elementor-element-65ffdbce elementor-section-boxed elementor-section-height-default elementor-section-height-default\" data-id=\"65ffdbce\" data-element_type=\"section\" data-e-type=\"section\">\n\t\t\t\t\t\t<div class=\"elementor-container elementor-column-gap-default\">\n\t\t\t\t\t<div class=\"elementor-column elementor-col-100 elementor-top-column elementor-element elementor-element-f4c36c8\" data-id=\"f4c36c8\" data-element_type=\"column\" data-e-type=\"column\">\n\t\t\t<div class=\"elementor-widget-wrap elementor-element-populated\">\n\t\t\t\t\t\t<div class=\"elementor-element elementor-element-5ab4f048 elementor-widget elementor-widget-text-editor\" data-id=\"5ab4f048\" data-element_type=\"widget\" data-e-type=\"widget\" data-widget_type=\"text-editor.default\">\n\t\t\t\t<div class=\"elementor-widget-container\">\n\t\t\t\t\t\t\t\t\t\n<div class=\"custom-css-block\"><style>.aagb_accordion_4596d537-ae23-4dcb-a5a0-b05a03046cae {   }<\/style><\/div>\n<p><style>\n        .aagb_accordion_4596d537-ae23-4dcb-a5a0-b05a03046cae .aagb__accordion_active .aagb__accordion_body {\n          border-top: 1px solid #ebebeb;\n        }\n      \n          .aagb_accordion_4596d537-ae23-4dcb-a5a0-b05a03046cae .aagb__accordion_container {\n            transition-duration: 0ms !important;\n            outline: 2px solid #00000000;\n          }\n          .aagb_accordion_4596d537-ae23-4dcb-a5a0-b05a03046cae .aagb__accordion_container:focus-visible {\n            outline: 2px solid #C2DBFE;\n          }\n        <\/style><\/p>\n<div id=\"group-accordion-4596d537-ae23-4dcb-a5a0-b05a03046cae\" class=\"wp-block-aab-group-accordion searchable aagb_accordion_4596d537-ae23-4dcb-a5a0-b05a03046cae click false\">\n<div class=\"wp-block-aab-accordion-item aagb__accordion_container panel\" style=\"border: 1px solid #bcb6b638; border-radius: [object Object]px; margin-top: 0px; margin-bottom: 15px;\" tabindex=\"0\">\n<div class=\"aagb__accordion_head aab_right_icon  \" style=\"border-radius: [object Object]px [object Object]px 0 0; background-color: #bcb6b638; border: none;\" data-active=\"false\">\n<div class=\"aagb__accordion_heading aab_right_icon aagb_right_link\">\n<div class=\"head_content_wrapper\">\n<div class=\"title_wrapper\">\n<h5 class=\"aagb__accordion_title\" style=\"margin: 0;\">Ell\u00e1t\u00e1si k\u00f6rzeteink-Honnan j\u00f6hetnek hozz\u00e1nk t\u00e9r\u00edt\u00e9smentesen a szakrendel\u00e9sekre?<\/h5>\n<\/div>\n<p class=\"aagb__accordion_subheading\" style=\"margin: 5px 0 0 0;\">\u00a0<\/p>\n<\/div>\n<\/div>\n<div class=\"aagb__accordion_icon\">\n<div class=\"aagb__icon_dashicons_box\">\u00a0<\/div>\n<\/div>\n<\/div>\n<div class=\"aagb__accordion_body   \" style=\"border-radius: 0 0 [object Object]px [object Object]px; background-color: [object object]; border-top: 1px solid #bcb6b638; border-right: none; border-bottom: none; border-left: none;\" role=\"region\">\n<div class=\"aagb__accordion_component \">\n<h4 class=\"wp-block-heading\">A NEAK \u00e1ltal (TB t\u00e1mogat\u00e1ssal) finansz\u00edrozott ell\u00e1t\u00e1si ter\u00fcleteink:<\/h4>\n\n<ul class=\"wp-block-list\">\n<li>Biatorb\u00e1gy<\/li>\n\n<li>Herceghalom<\/li>\n<\/ul>\n\n<div class=\"aagb__accordion_heading aab_right_icon\">\n<p>K\u00fcl\u00f6n meg\u00e1llapod\u00e1s alapj\u00e1n<\/p>\n<ul>\n<li>S\u00f3sk\u00fat<\/li>\n<li>Pusztaz\u00e1mor<\/li>\n<\/ul>\n<\/div>\n\n<p>Egy\u00e9b,\u00a0 k\u00f6rnyez\u0151 telep\u00fcl\u00e9sekr\u0151l \u00e9rkez\u0151k a JIR-en (j\u00e1r\u00f3beteg ir\u00e1ny\u00edt\u00f3 rendszer) kereszt\u00fcl foglalhatnak id\u0151pontot.<\/p>\n<\/div>\n<\/div>\n<\/div>\n\n<div class=\"wp-block-aab-accordion-item aagb__accordion_container panel\" style=\"border: 1px solid #bcb6b638; border-radius: [object Object]px; margin-top: 0px; margin-bottom: 15px;\" tabindex=\"0\">\n<div class=\"aagb__accordion_head aab_right_icon  \" style=\"border-radius: [object Object]px [object Object]px 0 0; background-color: #bcb6b638; border: none;\" data-active=\"false\">\n<div class=\"aagb__accordion_heading aab_right_icon aagb_right_link\">\n<div class=\"head_content_wrapper\">\n<div class=\"title_wrapper\">\n<h5 class=\"aagb__accordion_title\" style=\"margin: 0;\">Sz\u00fcks\u00e9ges dokumentumok, inform\u00e1ci\u00f3k a szakrendel\u00e9sekhez-Mit hozzak magammal?<\/h5>\n<\/div>\n<p class=\"aagb__accordion_subheading\" style=\"margin: 5px 0 0 0;\">\u00a0<\/p>\n<\/div>\n<\/div>\n<div class=\"aagb__accordion_icon\">\n<div class=\"aagb__icon_dashicons_box\">\u00a0<\/div>\n<\/div>\n<\/div>\n<div class=\"aagb__accordion_body   \" style=\"border-radius: 0 0 [object Object]px [object Object]px; background-color: [object object]; border-top: 1px solid #bcb6b638; border-right: none; border-bottom: none; border-left: none;\" role=\"region\">\n<div class=\"aagb__accordion_component \">\n<ul class=\"wp-block-list\">\n<li><strong>TAJ-K\u00c1RTYA<\/strong><\/li>\n\n<li>amennyiben a szakrendel\u00e9s <strong>beutal\u00f3 k\u00f6teles<\/strong>, hozza mag\u00e1val orvosi beutal\u00f3j\u00e1t<\/li>\n\n<li>ha vannak, orvosi el\u0151zm\u00e9nyek, kapcsol\u00f3d\u00f3 dokumentumok, kor\u00e1bbi diagn\u00f3zis-<strong>KINYOMTATVA<\/strong><\/li>\n\n<li>kor\u00e1bbi laboreredm\u00e9nyek-<strong>KINYOMTATVA<\/strong><\/li>\n\n<li>aktu\u00e1lisan szedett gy\u00f3gyszerek list\u00e1ja<\/li>\n\n<li>ha szem\u00e9szeti szakrendel\u00e9sre \u00e9rkezik,\u00e9s van szem\u00fcvege, akkor a szem\u00fcvegre vonatkoz\u00f3 <strong>kor\u00e1bbi vizsg\u00e1lati eredm\u00e9nyeket <\/strong>is hozza el<\/li>\n<\/ul>\n<\/div>\n<\/div>\n<\/div>\n\n<div class=\"wp-block-aab-accordion-item aagb__accordion_container panel\" style=\"border: 1px solid #bcb6b638; border-radius: [object Object]px; margin-top: 0px; margin-bottom: 15px;\" tabindex=\"0\">\n<div class=\"aagb__accordion_head aab_right_icon  \" style=\"border-radius: [object Object]px [object Object]px 0 0; background-color: #bcb6b638; border: none;\" data-active=\"false\">\n<div class=\"aagb__accordion_heading aab_right_icon aagb_right_link\">\n<div class=\"head_content_wrapper\">\n<div class=\"title_wrapper\">\n<h5 class=\"aagb__accordion_title\" style=\"margin: 0;\">Vizsg\u00e1latok el\u0151tti el\u0151k\u00e9sz\u00fcletek-Mit sz\u00fcks\u00e9ges tenni a vizsg\u00e1latok el\u0151tt?<\/h5>\n<\/div>\n<p class=\"aagb__accordion_subheading\" style=\"margin: 5px 0 0 0;\">\u00a0<\/p>\n<\/div>\n<\/div>\n<div class=\"aagb__accordion_icon\">\n<div class=\"aagb__icon_dashicons_box\">\u00a0<\/div>\n<\/div>\n<\/div>\n<div class=\"aagb__accordion_body   \" style=\"border-radius: 0 0 [object Object]px [object Object]px; background-color: [object object]; border-top: 1px solid #bcb6b638; border-right: none; border-bottom: none; border-left: none;\" role=\"region\">\n<div class=\"aagb__accordion_component \">\n<h4 class=\"wp-block-heading\">Laborvizsg\u00e1lat el\u0151tt:<\/h4>\n\n<ul class=\"wp-block-list\">\n<li>\u00c9hgyomorra \u00e9rkezzen, a vizsg\u00e1lat el\u0151tt folyad\u00e9k (sz\u00e9nsavmentes v\u00edz) fogyaszt\u00e1sa javasolt<\/li>\n<\/ul>\n\n<h4 class=\"wp-block-heading\">Terhel\u00e9ses v\u00e9rcukor vizsg\u00e1lat el\u0151tt<\/h4>\n\n<ul class=\"wp-block-list\">\n<li>Ha orvosa nem mondja, hogy \u00e9tkez\u00e9s ut\u00e1ni vizsg\u00e1latot k\u00e9r, akkor <strong>\u00e9hgyomorra \u00e9rkezzen<\/strong>. A gy\u00f3gyszert\u00e1rban szerezzen be 75g gl\u00fck\u00f3zt. A vizsg\u00e1lat reggel\u00e9n oldja fel 2 dl v\u00edzben. Kevergetve \u00f6ntse bele a v\u00edzbe a gl\u00fck\u00f3zt, majd tov\u00e1bbi 3-4 percig kevergesse, egy f\u00e9l citrom lev\u00e9t \u00f6ntse hozz\u00e1.<\/li>\n\n<li>A v\u00e9rv\u00e9tel reggel\u00e9n <strong>1\/4 7-<\/strong>kor \u00e9rkezzen meg, a feloldott cukrot hozza mag\u00e1val.<\/li>\n<\/ul>\n\n<h4 class=\"wp-block-heading\">Kismedence\/hasi ultrahang el\u0151tt:<\/h4>\n\n<ul class=\"wp-block-list\">\n<li>\n<p><strong>El\u0151k\u00e9sz\u00edt\u00e9s hasi ultrahangos vizsg\u00e1latra. <\/strong>\u00a0A vizsg\u00e1lat \u00e9hgyomorral, telt h\u00f3lyaggal t\u00f6rt\u00e9nik. A vizsg\u00e1latot megel\u0151z\u0151 <strong>6 \u00f3r\u00e1n bel\u00fcl ne \u00e9tkezzen<\/strong>, \u00e9s azt megel\u0151z\u0151en is csak k\u00f6nny\u0171, zs\u00edrmentes \u00e9telt fogyasszon. A vizsg\u00e1lat <strong>el\u0151tt k\u00e9t \u00f3r\u00e1val igyon meg 4-6 dl folyad\u00e9kot<\/strong> (csak sz\u00e9nsavmentes vizet), a <strong>vizsg\u00e1lat el\u0151tti \u00f3r\u00e1ban m\u00e1r semmit ne igyon, ne menjen el wc-re. <\/strong><strong>El\u0151z\u0151 vizsg\u00e1lat leleteit hozza mag\u00e1val<\/strong> (kor\u00e1bbi UH, CT, MR lelet, k\u00f3rh\u00e1zi z\u00e1r\u00f3jelent\u00e9s, egy\u00e9b vizsg\u00e1lati eredm\u00e9nyek). <strong>Amennyiben nem tud j\u00f6nni<\/strong> az el\u0151jegyzett id\u0151pontra, <strong>k\u00e9rj\u00fck a vizsg\u00e1lati id\u0151pont lemond\u00e1s\u00e1t<\/strong> a +36 23\/534-560-as telefonsz\u00e1m<\/p>\n<\/li>\n<\/ul>\n<\/div>\n<\/div>\n<\/div>\n\n<div class=\"wp-block-aab-accordion-item aagb__accordion_container panel\" style=\"border: 1px solid #bcb6b638; border-radius: [object Object]px; margin-top: 0px; margin-bottom: 15px;\" tabindex=\"0\">\n<div class=\"aagb__accordion_head aab_right_icon  \" style=\"border-radius: [object Object]px [object Object]px 0 0; background-color: #bcb6b638; border: none;\" data-active=\"false\">\n<div class=\"aagb__accordion_heading aab_right_icon aagb_right_link\">\n<div class=\"head_content_wrapper\">\n<div class=\"title_wrapper\">\n<h5 class=\"aagb__accordion_title\" style=\"margin: 0;\">Laborat\u00f3riumi eredm\u00e9nyek-Mikorra k\u00e9sz\u00fclnek el a vizsg\u00e1latok eredm\u00e9nyei?<\/h5>\n<\/div>\n<p class=\"aagb__accordion_subheading\" style=\"margin: 5px 0 0 0;\">\u00a0<\/p>\n<\/div>\n<\/div>\n<div class=\"aagb__accordion_icon\">\n<div class=\"aagb__icon_dashicons_box\">\u00a0<\/div>\n<\/div>\n<\/div>\n<div class=\"aagb__accordion_body   \" style=\"border-radius: 0 0 [object Object]px [object Object]px; background-color: [object object]; border-top: 1px solid #bcb6b638; border-right: none; border-bottom: none; border-left: none;\" role=\"region\">\n<div class=\"aagb__accordion_component \">\n<h4 class=\"wp-block-heading\">V\u00e9rk\u00e9p-eredm\u00e9nyek:<\/h4>\n\n<ul class=\"wp-block-list\">\n<li>ESETENK\u00c9NT ELT\u00c9RHET!! f\u00fcgg az ig\u00e9nyelt vizsg\u00e1latokt\u00f3l!<\/li>\n\n<li>alap v\u00e9rk\u00e9p , vizelet: 24 -48 \u00f3ra<\/li>\n\n<li>teny\u00e9szt\u00e9sek, komplex sz\u0171r\u00e9sek: 7-10 munkanap<\/li>\n\n<li>adott esetben 3 h\u00e9t is lehet, \u00e9rdekl\u0151dj\u00f6n a pontos r\u00e9szeltekr\u0151l kezel\u0151orvos\u00e1n\u00e1l, vagy a Synlab honlapj\u00e1n<\/li>\n<\/ul>\n\n<h4 class=\"wp-block-heading\">N\u0151gy\u00f3gy\u00e1szati sz\u0171r\u00e9sek eredm\u00e9nye:<\/h4>\n\n<ul class=\"wp-block-list\">\n<li>7-10 munkanap, a pontosabb inform\u00e1ci\u00f3k\u00e9rt k\u00e9rdezze orvos\u00e1t, vagy az asszisztenst<\/li>\n<\/ul>\n<\/div>\n<\/div>\n<\/div>\n\n<div class=\"wp-block-aab-accordion-item aagb__accordion_container panel\" style=\"border: 1px solid #bcb6b638; border-radius: [object Object]px; margin-top: 0px; margin-bottom: 15px;\" tabindex=\"0\">\n<div class=\"aagb__accordion_head aab_right_icon  \" style=\"border-radius: [object Object]px [object Object]px 0 0; background-color: #bcb6b638; border: none;\" data-active=\"false\">\n<div class=\"aagb__accordion_heading aab_right_icon aagb_right_link\">\n<div class=\"head_content_wrapper\">\n<div class=\"title_wrapper\">\n<h5 class=\"aagb__accordion_title\" style=\"margin: 0;\">Telefonos id\u0151pont-egyeztet\u00e9s-Mit sz\u00fcks\u00e9ges el\u0151k\u00e9sz\u00edteni a h\u00edv\u00e1s el\u0151tt?<\/h5>\n<\/div>\n<p class=\"aagb__accordion_subheading\" style=\"margin: 5px 0 0 0;\">\u00a0<\/p>\n<\/div>\n<\/div>\n<div class=\"aagb__accordion_icon\">\n<div class=\"aagb__icon_dashicons_box\">\u00a0<\/div>\n<\/div>\n<\/div>\n<div class=\"aagb__accordion_body   \" style=\"border-radius: 0 0 [object Object]px [object Object]px; background-color: [object object]; border-top: 1px solid #bcb6b638; border-right: none; border-bottom: none; border-left: none;\" role=\"region\">\n<div class=\"aagb__accordion_component \">\n<p class=\"wp-block-paragraph\">Amennyiben telefonon szeretne id\u0151pontot foglalni, k\u00e9sz\u00edtse el\u0151 <strong>TAJ k\u00e1rty\u00e1j\u00e1t<\/strong>, \u00e9s amennyiben a k\u00edv\u00e1nt rendel\u00e9s beutal\u00f3-k\u00f6teles, akkor a <strong>beutal\u00f3j\u00e1t<\/strong> is.<\/p>\n<\/div>\n<\/div>\n<\/div>\n\n<div class=\"wp-block-aab-accordion-item aagb__accordion_container panel\" style=\"border: 1px solid #bcb6b638; border-radius: [object Object]px; margin-top: 0px; margin-bottom: 15px;\" tabindex=\"0\">\n<div class=\"aagb__accordion_head aab_right_icon  \" style=\"border-radius: [object Object]px [object Object]px 0 0; background-color: #bcb6b638; border: none;\" data-active=\"false\">\n<div class=\"aagb__accordion_heading aab_right_icon aagb_right_link\">\n<div class=\"head_content_wrapper\">\n<div class=\"title_wrapper\">\n<h5 class=\"aagb__accordion_title\" style=\"margin: 0;\">Id\u0151pontok lemond\u00e1sa-Ha nem tudnak megjelenni a szakrendel\u00e9sen, k\u00e9rj\u00fck, mondj\u00e1k le az id\u0151pontot!<\/h5>\n<\/div>\n<p class=\"aagb__accordion_subheading\" style=\"margin: 5px 0 0 0;\">\u00a0<\/p>\n<\/div>\n<\/div>\n<div class=\"aagb__accordion_icon\">\n<div class=\"aagb__icon_dashicons_box\">\u00a0<\/div>\n<\/div>\n<\/div>\n<div class=\"aagb__accordion_body   \" style=\"border-radius: 0 0 [object Object]px [object Object]px; background-color: [object object]; border-top: 1px solid #bcb6b638; border-right: none; border-bottom: none; border-left: none;\" role=\"region\">\n<div class=\"aagb__accordion_component \">\n<p class=\"wp-block-paragraph\">Amennyiben kor\u00e1bban foglalt id\u0151pontj\u00e1ra el\u0151rel\u00e1that\u00f3an nem tud megjelenni, k\u00e9rj\u00fck, mondja le foglal\u00e1s\u00e1t telefonon (+36 23 534-560) vagy e-mailen (egeszseghaz@biatorbagy.hu) , hogy m\u00e1snak kiadhassuk az id\u0151pontot<\/p>\n<\/div>\n<\/div>\n<\/div>\n\n<div class=\"wp-block-aab-accordion-item aagb__accordion_container panel\" style=\"border: 1px solid #bcb6b638; border-radius: [object Object]px; margin-top: 0px; margin-bottom: 15px;\" tabindex=\"0\">\n<div class=\"aagb__accordion_head aab_right_icon  \" style=\"border-radius: [object Object]px [object Object]px 0 0; background-color: #bcb6b638; border: none;\" data-active=\"false\">\n<div class=\"aagb__accordion_heading aab_right_icon aagb_right_link\">\n<div class=\"head_content_wrapper\">\n<div class=\"title_wrapper\">\n<h5 class=\"aagb__accordion_title\" style=\"margin: 0;\">Fizikoter\u00e1pia, gy\u00f3gytorna, massz\u00e1zs-Milyen fontos k\u00e9rd\u00e9sekre, inform\u00e1ci\u00f3kra kell figyelni?<\/h5>\n<\/div>\n<p class=\"aagb__accordion_subheading\" style=\"margin: 5px 0 0 0;\">\u00a0<\/p>\n<\/div>\n<\/div>\n<div class=\"aagb__accordion_icon\">\n<div class=\"aagb__icon_dashicons_box\">\u00a0<\/div>\n<\/div>\n<\/div>\n<div class=\"aagb__accordion_body   \" style=\"border-radius: 0 0 [object Object]px [object Object]px; background-color: [object object]; border-top: 1px solid #bcb6b638; border-right: none; border-bottom: none; border-left: none;\" role=\"region\">\n<div class=\"aagb__accordion_component \">\n<h4 class=\"wp-block-heading\">Kezel\u00e9sekhez javasolt ruh\u00e1zat<\/h4>\n\n<ul class=\"wp-block-list\">\n<li>k\u00e9nyelmes, lehet\u0151leg pamut ruh\u00e1zat<\/li>\n\n<li>a tornaterembe utcai cip\u0151ben\u00a0 bel\u00e9pni tilos, tiszta talp\u00fa tornacip\u0151 sz\u00fcks\u00e9ges.\u00a0<\/li>\n\n<li>\u00f6lt\u00f6z\u0151 szekr\u00e9ny kulcsot\u00a0 1000ft-os let\u00e9ti d\u00edj ellen\u00e9ben a recepci\u00f3n tudnak k\u00e9rni.<\/li>\n<\/ul>\n\n<h4 class=\"wp-block-heading\">Ellenjavaslatok<\/h4>\n\n<ul class=\"wp-block-list\">\n<li>5 \u00e9ven bel\u00fcl rosszindulat\u00fa daganatos megbeteged\u00e9s<\/li>\n\n<li>l\u00e1z, n\u00e1tha, fert\u0151z\u0151 betegs\u00e9g, h\u00e1ny\u00e1s, hasmen\u00e9s, gyullad\u00e1sos \u00e1llapot (fog, n\u0151gy\u00f3gy\u00e1szati, stb), b\u00e1rmilyen<\/li>\n\n<li>alkoholos, tudatm\u00f3dos\u00edt\u00f3 szerek \u00e1ltali befoly\u00e1solts\u00e1g<\/li>\n\n<li>menstru\u00e1ci\u00f3<\/li>\n\n<li>kor\u00e1bbi epilepszi\u00e1s g\u00f6rcsroham, ismert epilepszi\u00e1s betegs\u00e9g<\/li>\n\n<li>izomgyenges\u00e9g, \u00e9rz\u00e9skies\u00e9s<\/li>\n\n<li>terhess\u00e9g<\/li>\n\n<li>v\u00e9rz\u00e9kenys\u00e9g, v\u00e9ralvad\u00e1sg\u00e1tl\u00f3 szerek szed\u00e9se eset\u00e9n t\u00e1j\u00e9koztassa kezel\u0151orvos\u00e1t, vagy a kezel\u00e9st v\u00e9gz\u0151 szem\u00e9lyt<\/li>\n\n<li>pacemaker<\/li>\n<\/ul>\n\n<h4 class=\"wp-block-heading\">Kezel\u00e9s ut\u00e1n esetlegesen el\u0151fordul\u00f3 mell\u00e9khat\u00e1sok:<\/h4>\n\n<ul class=\"wp-block-list\">\n<li>\u00e1tmeneti f\u00e1jdalom-fokoz\u00f3d\u00e1s, esetleg izoml\u00e1z<\/li>\n\n<li>b\u0151rp\u00edr, \u00e1ramkezel\u00e9sekn\u00e9l \u00e9rz\u00e9keny, sz\u00e1raz b\u0151r eset\u00e9n pontszer\u0171 b\u0151rt\u00fcnetek, viszket\u00e9s fordulhatnak el\u0151<\/li>\n\n<li>v\u00e1kumkezel\u00e9sn\u00e9l k\u00f6rk\u00f6r\u00f6s b\u0151rp\u00edr, bev\u00e9rz\u00e9s fordulhat el\u0151<\/li>\n\n<li>b\u00e1rmely panasz vagy kellemetlens\u00e9g eset\u00e9n t\u00e1j\u00e9koztassa a kezel\u00e9st v\u00e9gz\u0151 szem\u00e9lyt<\/li>\n<\/ul>\n<\/div>\n<\/div>\n<\/div>\n\n<div class=\"wp-block-aab-accordion-item aagb__accordion_container panel\" style=\"border: 1px solid #bcb6b638; border-radius: [object Object]px; margin-top: 0px; margin-bottom: 15px;\" tabindex=\"0\">\n<div class=\"aagb__accordion_head aab_right_icon  \" style=\"border-radius: [object Object]px [object Object]px 0 0; background-color: #bcb6b638; border: none;\" data-active=\"false\">\n<div class=\"aagb__accordion_heading aab_right_icon aagb_right_link\">\n<div class=\"head_content_wrapper\">\n<div class=\"title_wrapper\">\n<h5 class=\"aagb__accordion_title\" style=\"margin: 0;\">Beutal\u00f3-k\u00f6teles szakrendel\u00e9sek list\u00e1ja-Hov\u00e1 sz\u00fcks\u00e9ges a szakorvosi, vagy h\u00e1ziorvosi beutal\u00f3?<\/h5>\n<\/div>\n<p class=\"aagb__accordion_subheading\" style=\"margin: 5px 0 0 0;\">\u00a0<\/p>\n<\/div>\n<\/div>\n<div class=\"aagb__accordion_icon\">\n<div class=\"aagb__icon_dashicons_box\">\u00a0<\/div>\n<\/div>\n<\/div>\n<div class=\"aagb__accordion_body   \" style=\"border-radius: 0 0 [object Object]px [object Object]px; background-color: [object object]; border-top: 1px solid #bcb6b638; border-right: none; border-bottom: none; border-left: none;\" role=\"region\">\n<div class=\"aagb__accordion_component \">\n<ul class=\"wp-block-list\">\n<li>laboratoriumi vizsg\u00e1latok<\/li>\n\n<li>diabetol\u00f3gia<\/li>\n\n<li>endokrinol\u00f3gia<\/li>\n\n<li>kardiol\u00f3gia<\/li>\n\n<li>neurol\u00f3gia<\/li>\n\n<li>ortop\u00e9dia<\/li>\n\n<li>reumatol\u00f3gia<\/li>\n\n<li>belgy\u00f3gy\u00e1szat<\/li>\n\n<li>ultrahang<\/li>\n\n<li>r\u00f6ntgen<\/li>\n<\/ul>\n<\/div>\n<\/div>\n<\/div>\n\n<div class=\"wp-block-aab-accordion-item aagb__accordion_container panel\" style=\"border: 1px solid #bcb6b638; border-radius: [object Object]px; margin-top: 0px; margin-bottom: 15px;\" tabindex=\"0\">\n<div class=\"aagb__accordion_head aab_right_icon  \" style=\"border-radius: [object Object]px [object Object]px 0 0; background-color: #bcb6b638; border: none;\" data-active=\"false\">\n<div class=\"aagb__accordion_heading aab_right_icon aagb_right_link\">\n<div class=\"head_content_wrapper\">\n<div class=\"title_wrapper\">\n<h5 class=\"aagb__accordion_title\" style=\"margin: 0;\">Szakrendel\u00e9sek, amelyekre nem sz\u00fcks\u00e9ges beutal\u00f3<\/h5>\n<\/div>\n<p class=\"aagb__accordion_subheading\" style=\"margin: 5px 0 0 0;\">\u00a0<\/p>\n<\/div>\n<\/div>\n<div class=\"aagb__accordion_icon\">\n<div class=\"aagb__icon_dashicons_box\">\u00a0<\/div>\n<\/div>\n<\/div>\n<div class=\"aagb__accordion_body   \" style=\"border-radius: 0 0 [object Object]px [object Object]px; background-color: [object object]; border-top: 1px solid #bcb6b638; border-right: none; border-bottom: none; border-left: none;\" role=\"region\">\n<div class=\"aagb__accordion_component \">\n<ul class=\"wp-block-list\">\n<li>urol\u00f3gia<\/li>\n\n<li>n\u0151gy\u00f3gy\u00e1szat<\/li>\n\n<li>szem\u00e9szet<\/li>\n\n<li>pszichol\u00f3gia<\/li>\n\n<li>f\u00fcl- orr-g\u00e9g\u00e9szet<\/li>\n<\/ul>\n<\/div>\n<\/div>\n<\/div>\n\n<div class=\"wp-block-aab-accordion-item aagb__accordion_container panel\" style=\"border: 1px solid #bcb6b638; border-radius: [object Object]px; margin-top: 0px; margin-bottom: 15px;\" tabindex=\"0\">\n<div class=\"aagb__accordion_head aab_right_icon  \" style=\"border-radius: [object Object]px [object Object]px 0 0; background-color: #bcb6b638; border: none;\" data-active=\"false\">\n<div class=\"aagb__accordion_heading aab_right_icon aagb_right_link\">\n<div class=\"head_content_wrapper\">\n<div class=\"title_wrapper\">\n<h5 class=\"aagb__accordion_title\" style=\"margin: 0;\">Fizet\u00e9si m\u00f3dok-Hogyan fizethetek a plusz vizsg\u00e1latok\u00e9rt?<\/h5>\n<\/div>\n<p class=\"aagb__accordion_subheading\" style=\"margin: 5px 0 0 0;\">\u00a0<\/p>\n<\/div>\n<\/div>\n<div class=\"aagb__accordion_icon\">\n<div class=\"aagb__icon_dashicons_box\">\u00a0<\/div>\n<\/div>\n<\/div>\n<div class=\"aagb__accordion_body   \" style=\"border-radius: 0 0 [object Object]px [object Object]px; background-color: [object object]; border-top: 1px solid #bcb6b638; border-right: none; border-bottom: none; border-left: none;\" role=\"region\">\n<div class=\"aagb__accordion_component \">\n<ul class=\"wp-block-list\">\n<li>a fizet\u00e9s lehets\u00e9ges k\u00e9szp\u00e9nzben<\/li>\n\n<li>bankk\u00e1rty\u00e1val<\/li>\n\n<li>NEM TUDUNK Eg\u00e9szs\u00e9gp\u00e9nzt\u00e1r k\u00e1rty\u00e1t fizet\u0151eszk\u00f6zk\u00e9nt elfogadni, de a ki\u00e1ll\u00edtott sz\u00e1ml\u00e1n megjegyz\u00e9sben fel tudjuk t\u00fcntetni a tagi azonos\u00edt\u00f3t, egy\u00e9b sz\u00fcks\u00e9ges adatokat.<\/li>\n<\/ul>\n<\/div>\n<\/div>\n<\/div>\n<\/div>\n\t\t\t\t\t\t\t\t<\/div>\n\t\t\t\t<\/div>\n\t\t\t\t\t<\/div>\n\t\t<\/div>\n\t\t\t\t\t<\/div>\n\t\t<\/section>\n\t\t\t\t<\/div>\n\t\t","protected":false},"excerpt":{"rendered":"","protected":false},"author":3,"featured_media":4087,"parent":0,"menu_order":0,"comment_status":"closed","ping_status":"closed","template":"","meta":{"_acf_changed":false,"_eb_attr":"","_crdt_document":"","footnotes":""},"class_list":["post-4053","page","type-page","status-publish","has-post-thumbnail","hentry"],"acf":[],"_links":{"self":[{"href":"https:\/\/egeszseghaz.biatorbagy.hu\/index.php\/wp-json\/wp\/v2\/pages\/4053","targetHints":{"allow":["GET"]}}],"collection":[{"href":"https:\/\/egeszseghaz.biatorbagy.hu\/index.php\/wp-json\/wp\/v2\/pages"}],"about":[{"href":"https:\/\/egeszseghaz.biatorbagy.hu\/index.php\/wp-json\/wp\/v2\/types\/page"}],"author":[{"embeddable":true,"href":"https:\/\/egeszseghaz.biatorbagy.hu\/index.php\/wp-json\/wp\/v2\/users\/3"}],"replies":[{"embeddable":true,"href":"https:\/\/egeszseghaz.biatorbagy.hu\/index.php\/wp-json\/wp\/v2\/comments?post=4053"}],"version-history":[{"count":63,"href":"https:\/\/egeszseghaz.biatorbagy.hu\/index.php\/wp-json\/wp\/v2\/pages\/4053\/revisions"}],"predecessor-version":[{"id":7050,"href":"https:\/\/egeszseghaz.biatorbagy.hu\/index.php\/wp-json\/wp\/v2\/pages\/4053\/revisions\/7050"}],"wp:featuredmedia":[{"embeddable":true,"href":"https:\/\/egeszseghaz.biatorbagy.hu\/index.php\/wp-json\/wp\/v2\/media\/4087"}],"wp:attachment":[{"href":"https:\/\/egeszseghaz.biatorbagy.hu\/index.php\/wp-json\/wp\/v2\/media?parent=4053"}],"curies":[{"name":"wp","href":"https:\/\/api.w.org\/{rel}","templated":true}]}}