{"id":2593,"date":"2020-09-18T16:45:12","date_gmt":"2020-09-18T14:45:12","guid":{"rendered":"http:\/\/egeszseghaz.biatorbagy.hu\/?page_id=2593"},"modified":"2020-09-18T16:45:13","modified_gmt":"2020-09-18T14:45:13","slug":"jarvanyugyi-kerdoiv","status":"publish","type":"page","link":"https:\/\/egeszseghaz.biatorbagy.hu\/index.php\/jarvanyugyi-kerdoiv\/","title":{"rendered":"J\u00e1rv\u00e1ny\u00fcgyi k\u00e9rd\u0151\u00edv"},"content":{"rendered":"\n<p class=\"wp-block-paragraph\">Tisztelt P\u00e1ciens\u00fcnk, amennyiben lehet\u0151s\u00e9ge van a mell\u00e9kelt PDF dokumentumot kinyomtatni otthon\u00e1ban, k\u00e9rj\u00fck tegye meg \u00e9s t\u00f6ltse ki miel\u0151tt az Eg\u00e9szsg\u00e9h\u00e1z ter\u00fclet\u00e9re l\u00e9p, ezzel seg\u00edti munk\u00e1nkat \u00e9s gyors\u00edtja az \u00f6n bel\u00e9p\u00e9s\u00e9t is az int\u00e9zm\u00e9nybe.<\/p>\n\n\n\n<p class=\"wp-block-paragraph\">Egy\u00fcttm\u0171k\u00f6d\u00e9s\u00e9t k\u00f6sz\u00f6nj\u00fck!<br><\/p>\n\n\n\n<div class=\"wp-block-file\"><a href=\"http:\/\/egeszseghaz.biatorbagy.hu\/wp-content\/uploads\/2020\/09\/ja\u0301rva\u0301nyu\u0308gyi-ke\u0301rdo\u030bi\u0301v.pdf\">ja\u0301rva\u0301nyu\u0308gyi ke\u0301rdo\u030bi\u0301v<\/a><a href=\"http:\/\/egeszseghaz.biatorbagy.hu\/wp-content\/uploads\/2020\/09\/ja\u0301rva\u0301nyu\u0308gyi-ke\u0301rdo\u030bi\u0301v.pdf\" class=\"wp-block-file__button\" download>Let\u00f6lt\u00e9s<\/a><\/div>\n","protected":false},"excerpt":{"rendered":"<p>Tisztelt P\u00e1ciens\u00fcnk, amennyiben lehet\u0151s\u00e9ge van a mell\u00e9kelt PDF dokumentumot kinyomtatni otthon\u00e1ban, k\u00e9rj\u00fck tegye meg \u00e9s t\u00f6ltse ki miel\u0151tt az Eg\u00e9szsg\u00e9h\u00e1z ter\u00fclet\u00e9re l\u00e9p, ezzel seg\u00edti munk\u00e1nkat \u00e9s gyors\u00edtja az \u00f6n bel\u00e9p\u00e9s\u00e9t is az int\u00e9zm\u00e9nybe. Egy\u00fcttm\u0171k\u00f6d\u00e9s\u00e9t k\u00f6sz\u00f6nj\u00fck!<\/p>\n","protected":false},"author":1,"featured_media":0,"parent":0,"menu_order":0,"comment_status":"closed","ping_status":"closed","template":"","meta":{"_acf_changed":false,"_eb_attr":"","_crdt_document":"","footnotes":""},"class_list":["post-2593","page","type-page","status-publish","hentry"],"acf":[],"_links":{"self":[{"href":"https:\/\/egeszseghaz.biatorbagy.hu\/index.php\/wp-json\/wp\/v2\/pages\/2593","targetHints":{"allow":["GET"]}}],"collection":[{"href":"https:\/\/egeszseghaz.biatorbagy.hu\/index.php\/wp-json\/wp\/v2\/pages"}],"about":[{"href":"https:\/\/egeszseghaz.biatorbagy.hu\/index.php\/wp-json\/wp\/v2\/types\/page"}],"author":[{"embeddable":true,"href":"https:\/\/egeszseghaz.biatorbagy.hu\/index.php\/wp-json\/wp\/v2\/users\/1"}],"replies":[{"embeddable":true,"href":"https:\/\/egeszseghaz.biatorbagy.hu\/index.php\/wp-json\/wp\/v2\/comments?post=2593"}],"version-history":[{"count":2,"href":"https:\/\/egeszseghaz.biatorbagy.hu\/index.php\/wp-json\/wp\/v2\/pages\/2593\/revisions"}],"predecessor-version":[{"id":2862,"href":"https:\/\/egeszseghaz.biatorbagy.hu\/index.php\/wp-json\/wp\/v2\/pages\/2593\/revisions\/2862"}],"wp:attachment":[{"href":"https:\/\/egeszseghaz.biatorbagy.hu\/index.php\/wp-json\/wp\/v2\/media?parent=2593"}],"curies":[{"name":"wp","href":"https:\/\/api.w.org\/{rel}","templated":true}]}}