{"id":206,"date":"2017-08-20T16:27:21","date_gmt":"2017-08-20T14:27:21","guid":{"rendered":"http:\/\/egeszseghaz.biatorbagy.hu\/?page_id=206"},"modified":"2019-03-17T16:43:40","modified_gmt":"2019-03-17T15:43:40","slug":"magan-szakrendelesek","status":"publish","type":"page","link":"https:\/\/egeszseghaz.biatorbagy.hu\/index.php\/rendelesi_idok\/magan-szakrendelesek\/","title":{"rendered":"Mag\u00e1n szakrendel\u00e9sek"},"content":{"rendered":"\n<table id=\"tablepress-7\" class=\"tablepress tablepress-id-7 tablepress-responsive\">\n<thead>\n<tr class=\"row-1 odd\">\n\t<th class=\"column-1\">Szakrendel\u00e9s<\/th><th class=\"column-2\">Orvos<\/th><th class=\"column-3\">H\u00e9tf\u0151<\/th><th class=\"column-4\">Kedd<\/th><th class=\"column-5\">Szerda<\/th><th class=\"column-6\">Cs\u00fct\u00f6rt\u00f6k<\/th><th class=\"column-7\">P\u00e9ntek<\/th>\n<\/tr>\n<\/thead>\n<tbody class=\"row-hover\">\n<tr class=\"row-2 even\">\n\t<td class=\"column-1\">L\u00e9zeres seb\u00e9szet<\/td><td class=\"column-2\">dr. J\u00e1nosi S\u00e1ndor<\/td><td class=\"column-3\"><\/td><td class=\"column-4\"><\/td><td class=\"column-5\"><\/td><td class=\"column-6\"><\/td><td class=\"column-7\">16:30-18:30<\/td>\n<\/tr>\n<tr class=\"row-3 odd\">\n\t<td class=\"column-1\">N\u0151gy\u00f3gy\u00e1szat<\/td><td class=\"column-2\">dr. Tompa Norbert (mag\u00e1nrendel\u00e9s!) <\/td><td class=\"column-3\"><\/td><td class=\"column-4\">15.00-19:00<\/td><td class=\"column-5\"><\/td><td class=\"column-6\"><\/td><td class=\"column-7\"><\/td>\n<\/tr>\n<tr class=\"row-4 even\">\n\t<td class=\"column-1\">N\u0151gy\u00f3gy\u00e1szat<br \/>\n<br \/>\n<\/td><td class=\"column-2\">dr. Gabulya Henrik (mag\u00e1nrendel\u00e9s) <\/td><td class=\"column-3\"><\/td><td class=\"column-4\"><\/td><td class=\"column-5\">15:00-18:00<\/td><td class=\"column-6\"><\/td><td class=\"column-7\"><\/td>\n<\/tr>\n<tr class=\"row-5 odd\">\n\t<td class=\"column-1\">Gyermek F\u00fcl-orr-g\u00e9ge<\/td><td class=\"column-2\">Dr. Katona G\u00e1bor<br \/>\n                <\/td><td class=\"column-3\"> <\/td><td class=\"column-4\">15:30\u201318:00<\/td><td class=\"column-5\"> <\/td><td class=\"column-6\"> <\/td><td class=\"column-7\"> <\/td>\n<\/tr>\n<tr class=\"row-6 even\">\n\t<td class=\"column-1\">Gy\u00f3gymassz\u00e1zs<\/td><td class=\"column-2\">D\u00e9m\u00e9ny Dorina<\/td><td class=\"column-3\">bejelentkez\u00e9s a recepci\u00f3n<\/td><td class=\"column-4\"><\/td><td class=\"column-5\"> <\/td><td class=\"column-6\"><\/td><td class=\"column-7\"><\/td>\n<\/tr>\n<\/tbody>\n<\/table>\n<!-- #tablepress-7 from cache -->\n","protected":false},"excerpt":{"rendered":"","protected":false},"author":1,"featured_media":0,"parent":8,"menu_order":0,"comment_status":"closed","ping_status":"closed","template":"","meta":{"_acf_changed":false,"_eb_attr":"","_crdt_document":"","footnotes":""},"class_list":["post-206","page","type-page","status-publish","hentry"],"acf":[],"_links":{"self":[{"href":"https:\/\/egeszseghaz.biatorbagy.hu\/index.php\/wp-json\/wp\/v2\/pages\/206","targetHints":{"allow":["GET"]}}],"collection":[{"href":"https:\/\/egeszseghaz.biatorbagy.hu\/index.php\/wp-json\/wp\/v2\/pages"}],"about":[{"href":"https:\/\/egeszseghaz.biatorbagy.hu\/index.php\/wp-json\/wp\/v2\/types\/page"}],"author":[{"embeddable":true,"href":"https:\/\/egeszseghaz.biatorbagy.hu\/index.php\/wp-json\/wp\/v2\/users\/1"}],"replies":[{"embeddable":true,"href":"https:\/\/egeszseghaz.biatorbagy.hu\/index.php\/wp-json\/wp\/v2\/comments?post=206"}],"version-history":[{"count":3,"href":"https:\/\/egeszseghaz.biatorbagy.hu\/index.php\/wp-json\/wp\/v2\/pages\/206\/revisions"}],"predecessor-version":[{"id":3594,"href":"https:\/\/egeszseghaz.biatorbagy.hu\/index.php\/wp-json\/wp\/v2\/pages\/206\/revisions\/3594"}],"up":[{"embeddable":true,"href":"https:\/\/egeszseghaz.biatorbagy.hu\/index.php\/wp-json\/wp\/v2\/pages\/8"}],"wp:attachment":[{"href":"https:\/\/egeszseghaz.biatorbagy.hu\/index.php\/wp-json\/wp\/v2\/media?parent=206"}],"curies":[{"name":"wp","href":"https:\/\/api.w.org\/{rel}","templated":true}]}}